{"id":477,"date":"2017-04-29T12:15:45","date_gmt":"2017-04-29T12:15:45","guid":{"rendered":"http:\/\/demo.mythemeshop.com\/celebrity\/cart\/"},"modified":"2017-04-29T12:15:45","modified_gmt":"2017-04-29T12:15:45","slug":"cart","status":"publish","type":"page","link":"https:\/\/sinairadio.org\/index.php\/cart\/","title":{"rendered":"Jaime Herrera Echevarria"},"content":{"rendered":"<p>Programa Opini\u00f3n libre de lunes a s\u00e1bado de 7:00am\u00a0 a 10:00am inform\u00e1ndonos de todas las noticias del d\u00eda a d\u00eda.<\/p>\n","protected":false},"excerpt":{"rendered":"<p>Programa Opini\u00f3n libre de lunes a s\u00e1bado de 7:00am\u00a0&hellip;<\/p>\n","protected":false},"author":2,"featured_media":1061,"parent":0,"menu_order":0,"comment_status":"closed","ping_status":"closed","template":"","meta":{"footnotes":""},"class_list":["post-477","page","type-page","status-publish","has-post-thumbnail","hentry"],"_links":{"self":[{"href":"https:\/\/sinairadio.org\/index.php\/wp-json\/wp\/v2\/pages\/477","targetHints":{"allow":["GET"]}}],"collection":[{"href":"https:\/\/sinairadio.org\/index.php\/wp-json\/wp\/v2\/pages"}],"about":[{"href":"https:\/\/sinairadio.org\/index.php\/wp-json\/wp\/v2\/types\/page"}],"author":[{"embeddable":true,"href":"https:\/\/sinairadio.org\/index.php\/wp-json\/wp\/v2\/users\/2"}],"replies":[{"embeddable":true,"href":"https:\/\/sinairadio.org\/index.php\/wp-json\/wp\/v2\/comments?post=477"}],"version-history":[{"count":0,"href":"https:\/\/sinairadio.org\/index.php\/wp-json\/wp\/v2\/pages\/477\/revisions"}],"wp:featuredmedia":[{"embeddable":true,"href":"https:\/\/sinairadio.org\/index.php\/wp-json\/"}],"wp:attachment":[{"href":"https:\/\/sinairadio.org\/index.php\/wp-json\/wp\/v2\/media?parent=477"}],"curies":[{"name":"wp","href":"https:\/\/api.w.org\/{rel}","templated":true}]}}