{"id":1711,"date":"2019-01-02T10:59:04","date_gmt":"2019-01-02T10:59:04","guid":{"rendered":"http:\/\/gracethemesdemo.com\/customizer\/?page_id=6"},"modified":"2024-06-22T14:40:21","modified_gmt":"2024-06-22T19:40:21","slug":"about-us","status":"publish","type":"page","link":"https:\/\/sinairadio.org\/index.php\/about-us\/","title":{"rendered":""},"content":{"rendered":"\n<h3 class=\"wp-block-heading has-black-color has-text-color has-background has-link-color wp-elements-032d1384a88995ee2ab47d85461dcb6f\" id=\"block-33135623-8816-484f-97da-a92c36b342e3\" style=\"background-color:#dce1e1\">Somos un matrimonio\u00a0 unido por Dios, para llevar adelante el gran proyecto de salvaci\u00f3n. A lo largo de 43 a\u00f1os de ministerio pastoral, El se\u00f1or nos encarg\u00f3 el ministerio de las comunicaciones con radio y televisi\u00f3n hace ya m\u00e1s de\u00a0 24 a\u00f1os, caminando por F\u00e9 puestos los ojos en Jes\u00fas nuestro Se\u00f1or. Dios ha sido, es y ser\u00e1 fiel.<\/h3>\n\n\n\n<h3 class=\"wp-block-heading has-black-color has-text-color has-background has-link-color wp-elements-3d3ce5c604024d3c14cafa9fbfc41dbe\" id=\"block-d82d6088-8bdd-470f-987d-ffe2f06d764e\" style=\"background-color:#dce1e1\">La Gloria sea a \u00c9l por su provisi\u00f3n para el sostenimiento de estos medios , d\u00eda a d\u00eda y a\u00f1o tras a\u00f1o. estamos muy agradecidos con Dios por nuestros hijos, quienes se unieron a este llamado aun siendo adolescente y ahora&nbsp; nuestro nietos. Somos un Equipo.<\/h3>\n","protected":false},"excerpt":{"rendered":"<p>Somos un matrimonio\u00a0 unido por Dios, para llevar adelante&hellip;<\/p>\n","protected":false},"author":2,"featured_media":0,"parent":0,"menu_order":0,"comment_status":"closed","ping_status":"closed","template":"","meta":{"footnotes":""},"class_list":["post-1711","page","type-page","status-publish","hentry"],"_links":{"self":[{"href":"https:\/\/sinairadio.org\/index.php\/wp-json\/wp\/v2\/pages\/1711","targetHints":{"allow":["GET"]}}],"collection":[{"href":"https:\/\/sinairadio.org\/index.php\/wp-json\/wp\/v2\/pages"}],"about":[{"href":"https:\/\/sinairadio.org\/index.php\/wp-json\/wp\/v2\/types\/page"}],"author":[{"embeddable":true,"href":"https:\/\/sinairadio.org\/index.php\/wp-json\/wp\/v2\/users\/2"}],"replies":[{"embeddable":true,"href":"https:\/\/sinairadio.org\/index.php\/wp-json\/wp\/v2\/comments?post=1711"}],"version-history":[{"count":2,"href":"https:\/\/sinairadio.org\/index.php\/wp-json\/wp\/v2\/pages\/1711\/revisions"}],"predecessor-version":[{"id":1754,"href":"https:\/\/sinairadio.org\/index.php\/wp-json\/wp\/v2\/pages\/1711\/revisions\/1754"}],"wp:attachment":[{"href":"https:\/\/sinairadio.org\/index.php\/wp-json\/wp\/v2\/media?parent=1711"}],"curies":[{"name":"wp","href":"https:\/\/api.w.org\/{rel}","templated":true}]}}