{"id":1707,"date":"2017-11-18T13:52:51","date_gmt":"2017-11-18T13:52:51","guid":{"rendered":"https:\/\/crestaproject.com\/demo\/fresco\/?page_id=28"},"modified":"2017-11-18T13:52:51","modified_gmt":"2017-11-18T13:52:51","slug":"services-1-3","status":"publish","type":"page","link":"https:\/\/sinairadio.org\/index.php\/services-1-3\/","title":{"rendered":"1 Reconocer el plan de Dios para ti"},"content":{"rendered":"<p>Dios te ama y quiere que experimentes su paz y vida, \u00c9l desea tener una intima relaci\u00f3n contigo, la Biblia dice: \u00ab<strong><sup> 16\u00a0<\/sup><\/strong>Porque de tal manera am\u00f3 Dios al mundo, que ha dado a su Hijo unig\u00e9nito, para que todo aquel que en \u00e9l cree, no se pierda, mas tenga vida eterna.\u00bb(Juan 3:16)<\/p>\n","protected":false},"excerpt":{"rendered":"<p>Dios te ama y quiere que experimentes su paz&hellip;<\/p>\n","protected":false},"author":2,"featured_media":0,"parent":0,"menu_order":0,"comment_status":"closed","ping_status":"closed","template":"","meta":{"footnotes":""},"class_list":["post-1707","page","type-page","status-publish","hentry"],"_links":{"self":[{"href":"https:\/\/sinairadio.org\/index.php\/wp-json\/wp\/v2\/pages\/1707","targetHints":{"allow":["GET"]}}],"collection":[{"href":"https:\/\/sinairadio.org\/index.php\/wp-json\/wp\/v2\/pages"}],"about":[{"href":"https:\/\/sinairadio.org\/index.php\/wp-json\/wp\/v2\/types\/page"}],"author":[{"embeddable":true,"href":"https:\/\/sinairadio.org\/index.php\/wp-json\/wp\/v2\/users\/2"}],"replies":[{"embeddable":true,"href":"https:\/\/sinairadio.org\/index.php\/wp-json\/wp\/v2\/comments?post=1707"}],"version-history":[{"count":0,"href":"https:\/\/sinairadio.org\/index.php\/wp-json\/wp\/v2\/pages\/1707\/revisions"}],"wp:attachment":[{"href":"https:\/\/sinairadio.org\/index.php\/wp-json\/wp\/v2\/media?parent=1707"}],"curies":[{"name":"wp","href":"https:\/\/api.w.org\/{rel}","templated":true}]}}