{"id":1011,"date":"2017-11-18T13:53:30","date_gmt":"2017-11-18T13:53:30","guid":{"rendered":"https:\/\/crestaproject.com\/demo\/fresco\/?page_id=34"},"modified":"2017-11-18T13:53:30","modified_gmt":"2017-11-18T13:53:30","slug":"service-4-2","status":"publish","type":"page","link":"https:\/\/sinairadio.org\/index.php\/service-4-2\/","title":{"rendered":"Recibe al hijo de Dios como su se\u00f1or y salvador"},"content":{"rendered":"<p>Ahora puedes cruzar el puente hacia la familia de Dios,\u00a0 cuando le pidas perd\u00f3n por tu pecados y le recibes en tu coraz\u00f3n, esto es un paso de FE, la Biblia dice:\u00bb <strong><sup>9\u00a0<\/sup><\/strong>que si confesares con tu boca que Jes\u00fas es el Se\u00f1or, y creyeres en tu coraz\u00f3n que Dios le levant\u00f3 de los muertos, ser\u00e1s salvo., <strong><sup>10<\/sup><\/strong><sup>\u00a0<\/sup>Porque con el coraz\u00f3n se cree para justicia, pero con la boca se confiesa para salvaci\u00f3n.\u00bb (Romanos 10:9,10)<\/p>\n","protected":false},"excerpt":{"rendered":"<p>Ahora puedes cruzar el puente hacia la familia de&hellip;<\/p>\n","protected":false},"author":2,"featured_media":0,"parent":0,"menu_order":0,"comment_status":"closed","ping_status":"closed","template":"","meta":{"footnotes":""},"class_list":["post-1011","page","type-page","status-publish","hentry"],"_links":{"self":[{"href":"https:\/\/sinairadio.org\/index.php\/wp-json\/wp\/v2\/pages\/1011","targetHints":{"allow":["GET"]}}],"collection":[{"href":"https:\/\/sinairadio.org\/index.php\/wp-json\/wp\/v2\/pages"}],"about":[{"href":"https:\/\/sinairadio.org\/index.php\/wp-json\/wp\/v2\/types\/page"}],"author":[{"embeddable":true,"href":"https:\/\/sinairadio.org\/index.php\/wp-json\/wp\/v2\/users\/2"}],"replies":[{"embeddable":true,"href":"https:\/\/sinairadio.org\/index.php\/wp-json\/wp\/v2\/comments?post=1011"}],"version-history":[{"count":0,"href":"https:\/\/sinairadio.org\/index.php\/wp-json\/wp\/v2\/pages\/1011\/revisions"}],"wp:attachment":[{"href":"https:\/\/sinairadio.org\/index.php\/wp-json\/wp\/v2\/media?parent=1011"}],"curies":[{"name":"wp","href":"https:\/\/api.w.org\/{rel}","templated":true}]}}